{"id":15529,"date":"2019-11-25T15:01:58","date_gmt":"2019-11-25T14:01:58","guid":{"rendered":"http:\/\/www.farmasol.gob.ec\/?page_id=15529"},"modified":"2025-04-24T16:44:21","modified_gmt":"2025-04-24T14:44:21","slug":"oncosol","status":"publish","type":"page","link":"https:\/\/www.farmasol.gob.ec\/en\/oncosol\/","title":{"rendered":"Oncosol"},"content":{"rendered":"<div      class=\"vc_row wpb_row section vc_row-fluid  grid_section\" style='background-color:#ffffff; padding-top:80px; padding-bottom:80px; text-align:left;'><div class=\"section_inner clearfix\"><div class='section_inner_margin clearfix'><div class=\"wpb_column vc_column_container vc_col-sm-6\"><div class=\"vc_column-inner\"><div class=\"wpb_wrapper\"><div class=\"separator  transparent\" style=\"margin-top: 41px;margin-bottom: 0px;\"><\/div>\n\n\t<div class=\"wpb_text_column wpb_content_element\">\n\t\t<div class=\"wpb_wrapper\">\n\t\t\t\n\t\t<\/div> \n\t<\/div> \n\t<div class=\"wpb_text_column wpb_content_element\">\n\t\t<div class=\"wpb_wrapper\">\n\t\t\t<h2 style=\"text-align: center;\"><span style=\"color: #6e62ab;\">Aplicaci\u00f3n de tratamientos<\/span><\/h2>\n<h2 style=\"text-align: center;\"><span style=\"color: #6e62ab;\">v\u00eda <\/span><span style=\"color: #6e62ab;\">venosa, intramuscular,<\/span><\/h2>\n<h2 style=\"text-align: center;\"><span style=\"color: #6e62ab;\">subcut\u00e1nea <\/span><span style=\"color: #6e62ab;\">para <\/span><span style=\"color: #6e62ab;\">patolog\u00edas<\/span><\/h2>\n<h2 style=\"text-align: center;\"><span style=\"color: #6e62ab;\">oncol\u00f3gicas, hematol\u00f3gicas,<\/span><\/h2>\n<h2 style=\"text-align: center;\"><span style=\"color: #6e62ab;\">reumatol\u00f3gicas entre otras. <\/span><\/h2>\n\n\t\t<\/div> \n\t<\/div> <div class=\"separator  transparent\" style=\"margin-top: 15px;margin-bottom: 0px;\"><\/div>\n<div      class=\"vc_row wpb_row section vc_row-fluid vc_inner\" style=' text-align:center;'><div class=\"full_section_inner clearfix\"><div class=\"wpb_column vc_column_container vc_col-sm-12\"><div class=\"vc_column-inner\"><div class=\"wpb_wrapper\"><\/div><\/div><\/div><\/div><\/div><div class=\"separator  transparent\" style=\"margin-top: 28px;margin-bottom: 0px;\"><\/div>\n<\/div><\/div><\/div><div class=\"wpb_column vc_column_container vc_col-sm-6\"><div class=\"vc_column-inner\"><div class=\"wpb_wrapper\">\n\t<div class=\"wpb_single_image wpb_content_element vc_align_center  element_from_fade\"><div style=\"-webkit-animation-delay:0.6s; animation-delay:0.6s; -webkit-transition-delay:0.6s; transition-delay:0.6s\">\n\t\t<div class=\"wpb_wrapper\">\n\t\t\t\n\t\t\t<div class=\"vc_single_image-wrapper   vc_box_border_grey\"><img loading=\"lazy\" decoding=\"async\" width=\"533\" height=\"413\" src=\"https:\/\/www.farmasol.gob.ec\/wp-content\/uploads\/2024\/05\/Oncosol-3.png\" class=\"vc_single_image-img attachment-full\" alt=\"\" srcset=\"https:\/\/www.farmasol.gob.ec\/wp-content\/uploads\/2024\/05\/Oncosol-3.png 533w, https:\/\/www.farmasol.gob.ec\/wp-content\/uploads\/2024\/05\/Oncosol-3-300x232.png 300w, https:\/\/www.farmasol.gob.ec\/wp-content\/uploads\/2024\/05\/Oncosol-3-15x12.png 15w\" sizes=\"auto, (max-width: 533px) 100vw, 533px\" \/><\/div>\n\t\t<\/div><\/div>\n\t<\/div>\n<\/div><\/div><\/div><\/div><\/div><\/div><div      class=\"vc_row wpb_row section vc_row-fluid  grid_section\" style='background-color:#f8f8f8; padding-top:80px; padding-bottom:80px; text-align:left;'><div class=\"section_inner clearfix\"><div class='section_inner_margin clearfix'><div class=\"wpb_column vc_column_container vc_col-sm-6\"><div class=\"vc_column-inner\"><div class=\"wpb_wrapper\">\n\t<div class=\"wpb_single_image wpb_content_element vc_align_center  element_from_fade\"><div style=\"-webkit-animation-delay:0.3s; animation-delay:0.3s; -webkit-transition-delay:0.3s; transition-delay:0.3s\">\n\t\t<div class=\"wpb_wrapper\">\n\t\t\t\n\t\t\t<div class=\"vc_single_image-wrapper   vc_box_border_grey\"><img loading=\"lazy\" decoding=\"async\" width=\"359\" height=\"290\" src=\"https:\/\/www.farmasol.gob.ec\/wp-content\/uploads\/2024\/06\/Oncosol-05-imagenes-web-2024.png\" class=\"vc_single_image-img attachment-full\" alt=\"\" srcset=\"https:\/\/www.farmasol.gob.ec\/wp-content\/uploads\/2024\/06\/Oncosol-05-imagenes-web-2024.png 359w, https:\/\/www.farmasol.gob.ec\/wp-content\/uploads\/2024\/06\/Oncosol-05-imagenes-web-2024-300x242.png 300w, https:\/\/www.farmasol.gob.ec\/wp-content\/uploads\/2024\/06\/Oncosol-05-imagenes-web-2024-15x12.png 15w\" sizes=\"auto, (max-width: 359px) 100vw, 359px\" \/><\/div>\n\t\t<\/div><\/div>\n\t<\/div>\n<\/div><\/div><\/div><div class=\"wpb_column vc_column_container vc_col-sm-6\"><div class=\"vc_column-inner\"><div class=\"wpb_wrapper\">\n\t<div class=\"wpb_text_column wpb_content_element\">\n\t\t<div class=\"wpb_wrapper\">\n\t\t\t<h5 style=\"text-align: center;\"><strong><span style=\"color: #6e62ab;\">Health always to your accessibility!<\/span><\/strong><\/h5>\n\n\t\t<\/div> \n\t<\/div> <div class=\"separator  transparent\" style=\"margin-top: 15px;margin-bottom: 0px;\"><\/div>\n\n\t<div class=\"wpb_text_column wpb_content_element\">\n\t\t<div class=\"wpb_wrapper\">\n\t\t\t<p style=\"text-align: center;\">Adquisici\u00f3n de medicamentos para quimioterapia,<\/p>\n<p style=\"text-align: center;\">terapia biol\u00f3gica, hierro a precios accesibles.<\/p>\n<p>&nbsp;<\/p>\n<h6 style=\"text-align: center;\"><span style=\"color: #6e62ab;\">Attention time:<\/span><\/h6>\n<p style=\"text-align: center;\">Lunes a viernes de 08h00 \u2013 15h00<\/p>\n\n\t\t<\/div> \n\t<\/div> <div class=\"separator  transparent\" style=\"margin-top: 15px;margin-bottom: 0px;\"><\/div>\n<div class=\"separator  transparent\" style=\"margin-top: 15px;margin-bottom: 0px;\"><\/div>\n<div      class=\"vc_row wpb_row section vc_row-fluid vc_inner\" style=' text-align:center;'><div class=\"full_section_inner clearfix\"><div class=\"wpb_column vc_column_container vc_col-sm-12\"><div class=\"vc_column-inner\"><div class=\"wpb_wrapper\">\n\t<div class=\"wpb_single_image wpb_content_element vc_align_center\">\n\t\t<div class=\"wpb_wrapper\">\n\t\t\t\n\t\t\t<div class=\"vc_single_image-wrapper   vc_box_border_grey\"><img loading=\"lazy\" decoding=\"async\" class=\"vc_single_image-img\" src=\"https:\/\/www.farmasol.gob.ec\/wp-content\/uploads\/2019\/11\/icono-web-2.png\" width=\"58\" height=\"58\" alt=\"icono-web-2\" title=\"icono-web-2\" \/><\/div>\n\t\t<\/div>\n\t<\/div>\n<\/div><\/div><\/div><\/div><\/div><div class=\"separator  transparent\" style=\"margin-top: 15px;margin-bottom: 0px;\"><\/div>\n<\/div><\/div><\/div><\/div><\/div><\/div><div      class=\"vc_row wpb_row section vc_row-fluid  grid_section\" style='background-color:#ffffff; padding-top:80px; padding-bottom:80px; text-align:left;'><div class=\"section_inner clearfix\"><div class='section_inner_margin clearfix'><div class=\"wpb_column vc_column_container vc_col-sm-6\"><div class=\"vc_column-inner\"><div class=\"wpb_wrapper\"><div class=\"separator  transparent\" style=\"margin-top: 15px;margin-bottom: 0px;\"><\/div>\n\n\t<div class=\"wpb_text_column wpb_content_element\">\n\t\t<div class=\"wpb_wrapper\">\n\t\t\t<p style=\"text-align: center;\">Encu\u00e9ntranos en el Centro Comercial<\/p>\n<p style=\"text-align: center;\">Los Nogales (Av. 12 de Abril y Calle<span class=\"x193iq5w xeuugli x13faqbe x1vvkbs xlh3980 xvmahel x1n0sxbx x1lliihq x1s928wv xhkezso x1gmr53x x1cpjm7i x1fgarty x1943h6x xudqn12 x3x7a5m x6prxxf xvq8zen xo1l8bm xzsf02u x1yc453h\" dir=\"auto\"> Guayas<\/span>).<\/p>\n<p>&nbsp;<\/p>\n<p style=\"text-align: center;\"><span style=\"color: #6a5aa2;\"><strong>Contactos:<\/strong><\/span><\/p>\n<p style=\"text-align: center;\"><span style=\"color: #6a5aa2;\"><strong>Cel.:<\/strong><\/span> 097 \u00b7 91 34 050<\/p>\n<p style=\"text-align: center;\"><span style=\"color: #6a5aa2;\"><strong>Cel.:<\/strong><\/span> 093 \u00b7 92 36 230<\/p>\n<p>\u00a0<\/p>\n\n\t\t<\/div> \n\t<\/div> <div class=\"separator  transparent\" style=\"margin-top: 15px;margin-bottom: 0px;\"><\/div>\n<div class=\"separator  transparent\" style=\"margin-top: 15px;margin-bottom: 0px;\"><\/div>\n\n\t<div class=\"wpb_single_image wpb_content_element vc_align_center\">\n\t\t<div class=\"wpb_wrapper\">\n\t\t\t\n\t\t\t<div class=\"vc_single_image-wrapper   vc_box_border_grey\"><img loading=\"lazy\" decoding=\"async\" class=\"vc_single_image-img\" src=\"https:\/\/www.farmasol.gob.ec\/wp-content\/uploads\/2019\/11\/icono-web-2.png\" width=\"58\" height=\"58\" alt=\"icono-web-2\" title=\"icono-web-2\" \/><\/div>\n\t\t<\/div>\n\t<\/div>\n<div class=\"separator  transparent\" style=\"margin-top: 15px;margin-bottom: 0px;\"><\/div>\n<\/div><\/div><\/div><div class=\"wpb_column vc_column_container vc_col-sm-6\"><div class=\"vc_column-inner\"><div class=\"wpb_wrapper\">\n\t<div class=\"wpb_single_image wpb_content_element vc_align_center  element_from_fade\"><div style=\"-webkit-animation-delay:0.6s; animation-delay:0.6s; -webkit-transition-delay:0.6s; transition-delay:0.6s\">\n\t\t<div class=\"wpb_wrapper\">\n\t\t\t\n\t\t\t<div class=\"vc_single_image-wrapper   vc_box_border_grey\"><img loading=\"lazy\" decoding=\"async\" width=\"359\" height=\"290\" src=\"https:\/\/www.farmasol.gob.ec\/wp-content\/uploads\/2024\/06\/Oncosol-03-imagenes-web-2024.png\" class=\"vc_single_image-img attachment-full\" alt=\"\" srcset=\"https:\/\/www.farmasol.gob.ec\/wp-content\/uploads\/2024\/06\/Oncosol-03-imagenes-web-2024.png 359w, https:\/\/www.farmasol.gob.ec\/wp-content\/uploads\/2024\/06\/Oncosol-03-imagenes-web-2024-300x242.png 300w, https:\/\/www.farmasol.gob.ec\/wp-content\/uploads\/2024\/06\/Oncosol-03-imagenes-web-2024-15x12.png 15w\" sizes=\"auto, (max-width: 359px) 100vw, 359px\" \/><\/div>\n\t\t<\/div><\/div>\n\t<\/div>\n<\/div><\/div><\/div><\/div><\/div><\/div><div      class=\"vc_row wpb_row section vc_row-fluid\" style=' text-align:left;'><div class=\"full_section_inner clearfix\"><div class=\"wpb_column vc_column_container vc_col-sm-12\"><div class=\"vc_column-inner\"><div class=\"wpb_wrapper\"><\/div><\/div><\/div><\/div><\/div>","protected":false},"excerpt":{"rendered":"Aplicaci\u00f3n de tratamientos v\u00eda venosa, intramuscular, subcut\u00e1nea para patolog\u00edas oncol\u00f3gicas, hematol\u00f3gicas, reumatol\u00f3gicas entre otras. \u00a1Salud siempre a tu alcance! Adquisici\u00f3n de medicamentos para quimioterapia, terapia biol\u00f3gica, hierro a precios accesibles. &nbsp; Horarios de atenci\u00f3n: Lunes a viernes de 08h00 \u2013 15h00 Encu\u00e9ntranos en el Centro...","protected":false},"author":1,"featured_media":0,"parent":0,"menu_order":0,"comment_status":"open","ping_status":"open","template":"full_width.php","meta":{"_joinchat":[],"footnotes":""},"class_list":["post-15529","page","type-page","status-publish","hentry"],"_links":{"self":[{"href":"https:\/\/www.farmasol.gob.ec\/en\/wp-json\/wp\/v2\/pages\/15529","targetHints":{"allow":["GET"]}}],"collection":[{"href":"https:\/\/www.farmasol.gob.ec\/en\/wp-json\/wp\/v2\/pages"}],"about":[{"href":"https:\/\/www.farmasol.gob.ec\/en\/wp-json\/wp\/v2\/types\/page"}],"author":[{"embeddable":true,"href":"https:\/\/www.farmasol.gob.ec\/en\/wp-json\/wp\/v2\/users\/1"}],"replies":[{"embeddable":true,"href":"https:\/\/www.farmasol.gob.ec\/en\/wp-json\/wp\/v2\/comments?post=15529"}],"version-history":[{"count":55,"href":"https:\/\/www.farmasol.gob.ec\/en\/wp-json\/wp\/v2\/pages\/15529\/revisions"}],"predecessor-version":[{"id":18159,"href":"https:\/\/www.farmasol.gob.ec\/en\/wp-json\/wp\/v2\/pages\/15529\/revisions\/18159"}],"wp:attachment":[{"href":"https:\/\/www.farmasol.gob.ec\/en\/wp-json\/wp\/v2\/media?parent=15529"}],"curies":[{"name":"wp","href":"https:\/\/api.w.org\/{rel}","templated":true}]}}