{"id":15780,"date":"2019-12-13T16:49:22","date_gmt":"2019-12-13T15:49:22","guid":{"rendered":"http:\/\/www.farmasol.gob.ec\/?page_id=15780"},"modified":"2024-06-14T21:19:16","modified_gmt":"2024-06-14T19:19:16","slug":"servicios-basicos","status":"publish","type":"page","link":"https:\/\/www.farmasol.gob.ec\/en\/servicios-basicos\/","title":{"rendered":"Servicios b\u00e1sicos"},"content":{"rendered":"<div      class=\"vc_row wpb_row section vc_row-fluid  grid_section\" style='background-color:#f8f8f8; padding-top:80px; padding-bottom:80px; text-align:left;'><div class=\"section_inner clearfix\"><div class='section_inner_margin clearfix'><div class=\"wpb_column vc_column_container vc_col-sm-6\"><div class=\"vc_column-inner\"><div class=\"wpb_wrapper\"><div class=\"separator  transparent\" style=\"margin-top: 15px;margin-bottom: 0px;\"><\/div>\n\n\t<div class=\"wpb_text_column wpb_content_element\">\n\t\t<div class=\"wpb_wrapper\">\n\t\t\t<h2 style=\"text-align: center;\"><strong><span style=\"color: #6e62ab;\">Ahora el pago de tus<\/span><\/strong><\/h2>\n<h2 style=\"text-align: center;\"><strong><span style=\"color: #6e62ab;\">impuestos y servicios<\/span><\/strong><\/h2>\n<h2 style=\"text-align: center;\"><strong><span style=\"color: #6e62ab;\">municipales <\/span><\/strong><strong><span style=\"color: #6e62ab;\">ser\u00e1<\/span><\/strong><\/h2>\n<h2 style=\"text-align: center;\"><strong><span style=\"color: #6e62ab;\">m\u00e1s f\u00e1cil <\/span><span style=\"color: #6e62ab;\">y r\u00e1pido.<\/span><\/strong><\/h2>\n<p>&nbsp;<\/p>\n<h5 style=\"text-align: center;\"><span style=\"color: #6e62ab;\">\u00a1<span style=\"color: #999999;\">Hazlo en cualquiera de nuestros 21 puntos de venta, que estar\u00e1n siempre dispuestos <\/span><\/span><span style=\"color: #6e62ab;\"><span style=\"color: #999999;\">para darte el mejor servicio<\/span>!<\/span><\/h5>\n\n\t\t<\/div> \n\t<\/div> <div class=\"separator  transparent\" style=\"margin-top: 15px;margin-bottom: 0px;\"><\/div>\n<div      class=\"vc_row wpb_row section vc_row-fluid vc_inner\" style=' text-align:center;'><div class=\"full_section_inner clearfix\"><div class=\"wpb_column vc_column_container vc_col-sm-12\"><div class=\"vc_column-inner\"><div class=\"wpb_wrapper\"><\/div><\/div><\/div><\/div><\/div><div class=\"separator  transparent\" style=\"margin-top: 15px;margin-bottom: 0px;\"><\/div>\n<\/div><\/div><\/div><div class=\"wpb_column vc_column_container vc_col-sm-6\"><div class=\"vc_column-inner\"><div class=\"wpb_wrapper\">\n\t<div class=\"wpb_single_image wpb_content_element vc_align_center  element_from_fade\"><div style=\"-webkit-animation-delay:0.3s; animation-delay:0.3s; -webkit-transition-delay:0.3s; transition-delay:0.3s\">\n\t\t<div class=\"wpb_wrapper\">\n\t\t\t\n\t\t\t<div class=\"vc_single_image-wrapper   vc_box_border_grey\"><img loading=\"lazy\" decoding=\"async\" width=\"359\" height=\"290\" src=\"https:\/\/www.farmasol.gob.ec\/wp-content\/uploads\/2024\/06\/Servicios-basicos-web-2024-1.png\" class=\"vc_single_image-img attachment-full\" alt=\"\" srcset=\"https:\/\/www.farmasol.gob.ec\/wp-content\/uploads\/2024\/06\/Servicios-basicos-web-2024-1.png 359w, https:\/\/www.farmasol.gob.ec\/wp-content\/uploads\/2024\/06\/Servicios-basicos-web-2024-1-300x242.png 300w, https:\/\/www.farmasol.gob.ec\/wp-content\/uploads\/2024\/06\/Servicios-basicos-web-2024-1-15x12.png 15w\" sizes=\"auto, (max-width: 359px) 100vw, 359px\" \/><\/div>\n\t\t<\/div><\/div>\n\t<\/div>\n<\/div><\/div><\/div><\/div><\/div><\/div><div      class=\"vc_row wpb_row section vc_row-fluid  grid_section\" style='background-color:#ffffff; padding-top:80px; padding-bottom:80px; text-align:left;'><div class=\"section_inner clearfix\"><div class='section_inner_margin clearfix'><div class=\"wpb_column vc_column_container vc_col-sm-6\"><div class=\"vc_column-inner\"><div class=\"wpb_wrapper\">\n\t<div class=\"wpb_single_image wpb_content_element vc_align_center  element_from_fade\"><div style=\"-webkit-animation-delay:0.6s; animation-delay:0.6s; -webkit-transition-delay:0.6s; transition-delay:0.6s\">\n\t\t<div class=\"wpb_wrapper\">\n\t\t\t\n\t\t\t<div class=\"vc_single_image-wrapper   vc_box_border_grey\"><img loading=\"lazy\" decoding=\"async\" width=\"533\" height=\"413\" src=\"https:\/\/www.farmasol.gob.ec\/wp-content\/uploads\/2024\/06\/Servicios-basicos-web-2024-6.png\" class=\"vc_single_image-img attachment-full has-transparency\" alt=\"\" srcset=\"https:\/\/www.farmasol.gob.ec\/wp-content\/uploads\/2024\/06\/Servicios-basicos-web-2024-6.png 533w, https:\/\/www.farmasol.gob.ec\/wp-content\/uploads\/2024\/06\/Servicios-basicos-web-2024-6-300x232.png 300w, https:\/\/www.farmasol.gob.ec\/wp-content\/uploads\/2024\/06\/Servicios-basicos-web-2024-6-15x12.png 15w\" sizes=\"auto, (max-width: 533px) 100vw, 533px\" data-has-transparency=\"true\" data-dominant-color=\"7f786e\" style=\"--dominant-color: #7f786e;\" \/><\/div>\n\t\t<\/div><\/div>\n\t<\/div>\n<\/div><\/div><\/div><div class=\"wpb_column vc_column_container vc_col-sm-6\"><div class=\"vc_column-inner\"><div class=\"wpb_wrapper\"><div class=\"separator  transparent\" style=\"margin-top: 41px;margin-bottom: 0px;\"><\/div>\n\n\t<div class=\"wpb_text_column wpb_content_element\">\n\t\t<div class=\"wpb_wrapper\">\n\t\t\t<h6 style=\"text-align: center;\"><span style=\"color: #6e62ab;\">Make your payments in the following pharmacies<\/span><\/h6>\n\n\t\t<\/div> \n\t<\/div> <div class=\"separator  transparent\" style=\"margin-top: 15px;margin-bottom: 0px;\"><\/div>\n\n\t<div class=\"wpb_text_column wpb_content_element\">\n\t\t<div class=\"wpb_wrapper\">\n\t\t\t<ul>\n<li style=\"text-align: center;\"><span style=\"color: #999999;\">Farmasol Balzay<\/span><\/li>\n<li style=\"text-align: center;\"><span style=\"color: #999999;\">Farmasol Ba\u00f1os<\/span><\/li>\n<li style=\"text-align: center;\"><span style=\"color: #999999;\">\u2028Farmasol Centro m\u00faltiple<\/span><\/li>\n<li style=\"text-align: center;\"><span style=\"color: #999999;\">Farmasol Don Bosco<\/span><\/li>\n<li style=\"text-align: center;\"><span style=\"color: #999999;\">Farmasol El Valle<\/span><\/li>\n<li style=\"text-align: center;\"><span style=\"color: #999999;\">Farmasol Eucaliptos<\/span><\/li>\n<li style=\"text-align: center;\"><span style=\"color: #999999;\">Farmasol Los Nogales<\/span><\/li>\n<li style=\"text-align: center;\"><span style=\"color: #999999;\">Farmasol Miraflores<\/span><\/li>\n<li style=\"text-align: center;\"><span style=\"color: #999999;\">\u2028Farmasol Monay<\/span><\/li>\n<li style=\"text-align: center;\"><span style=\"color: #999999;\">Farmasol Misicata<\/span><\/li>\n<li style=\"text-align: center;\"><span style=\"color: #999999;\">Farmasol Turi<\/span><\/li>\n<\/ul>\n\n\t\t<\/div> \n\t<\/div> <div class=\"separator  transparent\" style=\"margin-top: 15px;margin-bottom: 0px;\"><\/div>\n<div class=\"separator  transparent\" style=\"margin-top: 15px;margin-bottom: 0px;\"><\/div>\n\n\t<div class=\"wpb_single_image wpb_content_element vc_align_center\">\n\t\t<div class=\"wpb_wrapper\">\n\t\t\t\n\t\t\t<div class=\"vc_single_image-wrapper   vc_box_border_grey\"><img loading=\"lazy\" decoding=\"async\" class=\"vc_single_image-img\" src=\"https:\/\/www.farmasol.gob.ec\/wp-content\/uploads\/2019\/11\/icono-descuento.png\" width=\"58\" height=\"58\" alt=\"icono-descuento\" title=\"icono-descuento\" \/><\/div>\n\t\t<\/div>\n\t<\/div>\n<div class=\"separator  transparent\" style=\"margin-top: 15px;margin-bottom: 0px;\"><\/div>\n<\/div><\/div><\/div><\/div><\/div><\/div><div      class=\"vc_row wpb_row section vc_row-fluid  grid_section\" style='background-color:#f8f8f8; padding-top:80px; padding-bottom:80px; text-align:left;'><div class=\"section_inner clearfix\"><div class='section_inner_margin clearfix'><div class=\"wpb_column vc_column_container vc_col-sm-6\"><div class=\"vc_column-inner\"><div class=\"wpb_wrapper\"><div class=\"separator  transparent\" style=\"margin-top: 41px;margin-bottom: 0px;\"><\/div>\n\n\t<div class=\"wpb_text_column wpb_content_element\">\n\t\t<div class=\"wpb_wrapper\">\n\t\t\t<h6 style=\"text-align: center;\"><span style=\"color: #6e62ab;\">Make your payments in the following pharmacies<\/span><\/h6>\n\n\t\t<\/div> \n\t<\/div> <div class=\"separator  transparent\" style=\"margin-top: 15px;margin-bottom: 0px;\"><\/div>\n\n\t<div class=\"wpb_text_column wpb_content_element\">\n\t\t<div class=\"wpb_wrapper\">\n\t\t\t<ul>\n<li style=\"text-align: center;\"><span style=\"color: #999999;\">Farmasol 27 de Febrero<\/span><\/li>\n<li style=\"text-align: center;\"><span style=\"color: #999999;\">Farmasol Nulti<\/span><\/li>\n<li style=\"text-align: center;\"><span style=\"color: #999999;\">Farmasol Patamarca<\/span><\/li>\n<li style=\"text-align: center;\"><span style=\"color: #999999;\">Farmasol Racar<\/span><\/li>\n<li style=\"text-align: center;\"><span style=\"color: #999999;\">Farmasol Santa Ana<\/span><\/li>\n<li style=\"text-align: center;\"><span style=\"color: #999999;\">Farmasol San Joaqu\u00edn<\/span><\/li>\n<li style=\"text-align: center;\"><span style=\"color: #999999;\">Farmasol Ricaurte<\/span><\/li>\n<li style=\"text-align: center;\"><span style=\"color: #999999;\">Farmasol Sayaus\u00ed<\/span><\/li>\n<li style=\"text-align: center;\"><span style=\"color: #999999;\">Farmasol Sinincay<\/span><\/li>\n<li style=\"text-align: center;\"><span style=\"color: #999999;\">Farmasol Totoracocha<\/span><\/li>\n<\/ul>\n\n\t\t<\/div> \n\t<\/div> <div class=\"separator  transparent\" style=\"margin-top: 15px;margin-bottom: 0px;\"><\/div>\n<div class=\"separator  transparent\" style=\"margin-top: 15px;margin-bottom: 0px;\"><\/div>\n\n\t<div class=\"wpb_single_image wpb_content_element vc_align_center\">\n\t\t<div class=\"wpb_wrapper\">\n\t\t\t\n\t\t\t<div class=\"vc_single_image-wrapper   vc_box_border_grey\"><img loading=\"lazy\" decoding=\"async\" class=\"vc_single_image-img\" src=\"https:\/\/www.farmasol.gob.ec\/wp-content\/uploads\/2019\/11\/icono-descuento.png\" width=\"58\" height=\"58\" alt=\"icono-descuento\" title=\"icono-descuento\" \/><\/div>\n\t\t<\/div>\n\t<\/div>\n<div class=\"separator  transparent\" style=\"margin-top: 15px;margin-bottom: 0px;\"><\/div>\n<\/div><\/div><\/div><div class=\"wpb_column vc_column_container vc_col-sm-6\"><div class=\"vc_column-inner\"><div class=\"wpb_wrapper\">\n\t<div class=\"wpb_single_image wpb_content_element vc_align_center  element_from_fade\"><div style=\"-webkit-animation-delay:0.3s; animation-delay:0.3s; -webkit-transition-delay:0.3s; transition-delay:0.3s\">\n\t\t<div class=\"wpb_wrapper\">\n\t\t\t\n\t\t\t<div class=\"vc_single_image-wrapper   vc_box_border_grey\"><img loading=\"lazy\" decoding=\"async\" width=\"533\" height=\"413\" src=\"https:\/\/www.farmasol.gob.ec\/wp-content\/uploads\/2024\/06\/Servicios-basicos-web-2024-7.png\" class=\"vc_single_image-img attachment-full has-transparency\" alt=\"\" srcset=\"https:\/\/www.farmasol.gob.ec\/wp-content\/uploads\/2024\/06\/Servicios-basicos-web-2024-7.png 533w, https:\/\/www.farmasol.gob.ec\/wp-content\/uploads\/2024\/06\/Servicios-basicos-web-2024-7-300x232.png 300w, https:\/\/www.farmasol.gob.ec\/wp-content\/uploads\/2024\/06\/Servicios-basicos-web-2024-7-15x12.png 15w\" sizes=\"auto, (max-width: 533px) 100vw, 533px\" data-has-transparency=\"true\" data-dominant-color=\"92867d\" style=\"--dominant-color: #92867d;\" \/><\/div>\n\t\t<\/div><\/div>\n\t<\/div>\n<\/div><\/div><\/div><\/div><\/div><\/div>","protected":false},"excerpt":{"rendered":"Ahora el pago de tus impuestos y servicios municipales ser\u00e1 m\u00e1s f\u00e1cil y r\u00e1pido. &nbsp; \u00a1Hazlo en cualquiera de nuestros 21 puntos de venta, que estar\u00e1n siempre dispuestos para darte el mejor servicio! Realiza tus pagos en: Farmasol Balzay Farmasol Ba\u00f1os \u2028Farmasol Centro m\u00faltiple Farmasol...","protected":false},"author":1,"featured_media":0,"parent":0,"menu_order":0,"comment_status":"open","ping_status":"open","template":"full_width.php","meta":{"_joinchat":[],"footnotes":""},"class_list":["post-15780","page","type-page","status-publish","hentry"],"_links":{"self":[{"href":"https:\/\/www.farmasol.gob.ec\/en\/wp-json\/wp\/v2\/pages\/15780","targetHints":{"allow":["GET"]}}],"collection":[{"href":"https:\/\/www.farmasol.gob.ec\/en\/wp-json\/wp\/v2\/pages"}],"about":[{"href":"https:\/\/www.farmasol.gob.ec\/en\/wp-json\/wp\/v2\/types\/page"}],"author":[{"embeddable":true,"href":"https:\/\/www.farmasol.gob.ec\/en\/wp-json\/wp\/v2\/users\/1"}],"replies":[{"embeddable":true,"href":"https:\/\/www.farmasol.gob.ec\/en\/wp-json\/wp\/v2\/comments?post=15780"}],"version-history":[{"count":17,"href":"https:\/\/www.farmasol.gob.ec\/en\/wp-json\/wp\/v2\/pages\/15780\/revisions"}],"predecessor-version":[{"id":16108,"href":"https:\/\/www.farmasol.gob.ec\/en\/wp-json\/wp\/v2\/pages\/15780\/revisions\/16108"}],"wp:attachment":[{"href":"https:\/\/www.farmasol.gob.ec\/en\/wp-json\/wp\/v2\/media?parent=15780"}],"curies":[{"name":"wp","href":"https:\/\/api.w.org\/{rel}","templated":true}]}}