{"id":16578,"date":"2021-11-09T21:01:05","date_gmt":"2021-11-09T20:01:05","guid":{"rendered":"http:\/\/www.farmasol.gob.ec\/?page_id=16578"},"modified":"2021-11-09T21:01:05","modified_gmt":"2021-11-09T20:01:05","slug":"laboratorio-san-pedro","status":"publish","type":"page","link":"https:\/\/www.farmasol.gob.ec\/en\/laboratorio-san-pedro\/","title":{"rendered":"Laboratorio Centro Medico San Pedro del Cebollar"},"content":{"rendered":"<div      class=\"vc_row wpb_row section vc_row-fluid  grid_section\" style='background-color:#ffffff; padding-top:80px; padding-bottom:95px; text-align:left;'><div class=\"section_inner clearfix\"><div class='section_inner_margin clearfix'><div class=\"wpb_column vc_column_container vc_col-sm-12\"><div class=\"vc_column-inner\"><div class=\"wpb_wrapper\"><div class=\"separator  transparent\" style=\"margin-top: 24px;margin-bottom: 61px;\"><\/div>\n<div class=\"qode-accordion-holder clearfix qode-toggle qode-initial\">\n\t<h5 class=\"clearfix qode-title-holder\">\n<span class=\"qode-tab-title\">\n\t    <span class=\"qode-tab-title-inner\">\n        Laboratorio Centro Medico San Pedro del Cebollar     <\/span>\n<\/span>\n<span class=\"qode-accordion-mark\">\n    <span class=\"qode-accordion-mark-icon\">\n        <span class=\"icon_plus\"><\/span>\n        <span class=\"icon_minus-06\"><\/span>\n    <\/span>\n<\/span>\n<\/h5>\n<div  class=\"qode-accordion-content\" >\n    <div class=\"qode-accordion-content-inner\">\n        \n\t<div class=\"wpb_text_column wpb_content_element\">\n\t\t<div class=\"wpb_wrapper\">\n\t\t\t<table width=\"594\">\n<tbody>\n<tr>\n<td width=\"285\"><strong><span style=\"color: #800080;\">EXAMEN<\/span><\/strong><\/td>\n<td width=\"110\"><strong><span style=\"color: #800080;\">PRECIO NORMAL<\/span><\/strong><\/td>\n<td width=\"199\"><strong><span style=\"color: #800080;\">PRECIO RED AMIGA FARMASOL<\/span><\/strong><\/td>\n<\/tr>\n<tr>\n<td>HEMOGRAMA<\/td>\n<td>$ 10,00<\/td>\n<td><span style=\"color: #800080;\"><strong>$ 5,00<\/strong><\/span><\/td>\n<\/tr>\n<tr>\n<td>GLUCOSA<\/td>\n<td>$ 3,00<\/td>\n<td><span style=\"color: #800080;\"><strong>$ 2,00<\/strong><\/span><\/td>\n<\/tr>\n<tr>\n<td>PERFIL LIP\u00cdDICO<\/td>\n<td>$ 20,00<\/td>\n<td><span style=\"color: #800080;\"><strong>$ 10,00<\/strong><\/span><\/td>\n<\/tr>\n<tr>\n<td>PERFIL RENAL<\/td>\n<td>$ 9,00<\/td>\n<td><span style=\"color: #800080;\"><strong>$ 6,00<\/strong><\/span><\/td>\n<\/tr>\n<tr>\n<td>PERFIL HEP\u00c1TICO<\/td>\n<td>$ 20,00<\/td>\n<td><span style=\"color: #800080;\"><strong>$ 12,00<\/strong><\/span><\/td>\n<\/tr>\n<tr>\n<td>CITOQU\u00cdMICOY BACTEOROL\u00d3GICO DE ORINA<\/td>\n<td>$ 3,00<\/td>\n<td><span style=\"color: #800080;\"><strong>$ 2,00<\/strong><\/span><\/td>\n<\/tr>\n<tr>\n<td>COPROPARASITARIO<\/td>\n<td>$ 3,00<\/td>\n<td><span style=\"color: #800080;\"><strong>$ 2,00<\/strong><\/span><\/td>\n<\/tr>\n<tr>\n<td>PRUEBA DE EMBARAZO R\u00c1PIDA<\/td>\n<td>$ 5,00<\/td>\n<td><span style=\"color: #800080;\"><strong>$ 3,00<\/strong><\/span><\/td>\n<\/tr>\n<tr>\n<td>PRUEBA DE EMBARAZO CUANTITATIVA<\/td>\n<td>$ 17,00<\/td>\n<td><span style=\"color: #800080;\"><strong>$ 12,00<\/strong><\/span><\/td>\n<\/tr>\n<tr>\n<td>HELICOBACTERPILORY CUANTITATIVO<\/td>\n<td>$ 15,00<\/td>\n<td><span style=\"color: #800080;\"><strong>$ 10,00<\/strong><\/span><\/td>\n<\/tr>\n<tr>\n<td>PROTEINOGRAMA<\/td>\n<td>$ 10,00<\/td>\n<td><span style=\"color: #800080;\"><strong>$ 6,00<\/strong><\/span><\/td>\n<\/tr>\n<tr>\n<td>ASTO, PCR, FR, CUANTITATIVOS<\/td>\n<td>$ 25,00<\/td>\n<td><span style=\"color: #800080;\"><strong>$ 18,00<\/strong><\/span><\/td>\n<\/tr>\n<tr>\n<td>TEST DE MEHOSTASIA<\/td>\n<td>$ 20,00<\/td>\n<td><span style=\"color: #800080;\"><strong>$ 15,00<\/strong><\/span><\/td>\n<\/tr>\n<tr>\n<td>GRUPO SANGUINEO<\/td>\n<td>$ 4,00<\/td>\n<td><span style=\"color: #800080;\"><strong>$ 2,00<\/strong><\/span><\/td>\n<\/tr>\n<\/tbody>\n<\/table>\n\n\t\t<\/div> \n\t<\/div>     <\/div>\n<\/div><\/div><\/div><\/div><\/div><\/div><\/div><\/div>","protected":false},"excerpt":{"rendered":"Laboratorio Centro Medico San Pedro del Cebollar EXAMEN PRECIO NORMAL PRECIO RED AMIGA FARMASOL HEMOGRAMA $ 10,00 $ 5,00 GLUCOSA $ 3,00 $ 2,00 PERFIL LIP\u00cdDICO $ 20,00 $ 10,00 PERFIL RENAL $ 9,00 $ 6,00 PERFIL HEP\u00c1TICO $ 20,00 $ 12,00 CITOQU\u00cdMICOY BACTEOROL\u00d3GICO DE...","protected":false},"author":1,"featured_media":0,"parent":0,"menu_order":0,"comment_status":"open","ping_status":"open","template":"full_width.php","meta":{"_joinchat":[],"footnotes":""},"class_list":["post-16578","page","type-page","status-publish","hentry"],"_links":{"self":[{"href":"https:\/\/www.farmasol.gob.ec\/en\/wp-json\/wp\/v2\/pages\/16578","targetHints":{"allow":["GET"]}}],"collection":[{"href":"https:\/\/www.farmasol.gob.ec\/en\/wp-json\/wp\/v2\/pages"}],"about":[{"href":"https:\/\/www.farmasol.gob.ec\/en\/wp-json\/wp\/v2\/types\/page"}],"author":[{"embeddable":true,"href":"https:\/\/www.farmasol.gob.ec\/en\/wp-json\/wp\/v2\/users\/1"}],"replies":[{"embeddable":true,"href":"https:\/\/www.farmasol.gob.ec\/en\/wp-json\/wp\/v2\/comments?post=16578"}],"version-history":[{"count":1,"href":"https:\/\/www.farmasol.gob.ec\/en\/wp-json\/wp\/v2\/pages\/16578\/revisions"}],"predecessor-version":[{"id":16579,"href":"https:\/\/www.farmasol.gob.ec\/en\/wp-json\/wp\/v2\/pages\/16578\/revisions\/16579"}],"wp:attachment":[{"href":"https:\/\/www.farmasol.gob.ec\/en\/wp-json\/wp\/v2\/media?parent=16578"}],"curies":[{"name":"wp","href":"https:\/\/api.w.org\/{rel}","templated":true}]}}