{"id":17883,"date":"2024-05-16T18:37:34","date_gmt":"2024-05-16T16:37:34","guid":{"rendered":"http:\/\/www.farmasol.gob.ec\/?page_id=17883"},"modified":"2024-06-12T22:46:47","modified_gmt":"2024-06-12T20:46:47","slug":"farmapet","status":"publish","type":"page","link":"https:\/\/www.farmasol.gob.ec\/en\/farmapet\/","title":{"rendered":"Farmapet"},"content":{"rendered":"<div      class=\"vc_row wpb_row section vc_row-fluid  grid_section\" style='background-color:#ffffff; padding-top:80px; padding-bottom:80px; text-align:left;'><div class=\"section_inner clearfix\"><div class='section_inner_margin clearfix'><div class=\"wpb_column vc_column_container vc_col-sm-6\"><div class=\"vc_column-inner\"><div class=\"wpb_wrapper\"><div class=\"separator  transparent\" style=\"margin-top: 41px;margin-bottom: 0px;\"><\/div>\n\n\t<div class=\"wpb_text_column wpb_content_element\">\n\t\t<div class=\"wpb_wrapper\">\n\t\t\t\n\t\t<\/div> \n\t<\/div> \n\t<div class=\"wpb_text_column wpb_content_element\">\n\t\t<div class=\"wpb_wrapper\">\n\t\t\t<h2><\/h2>\n<p>&nbsp;<\/p>\n<h2><\/h2>\n<p>&nbsp;<\/p>\n<p>&nbsp;<\/p>\n<h2 style=\"text-align: center;\"><span style=\"color: #6e62ab;\">\u00a1<span class=\"x193iq5w xeuugli x13faqbe x1vvkbs xlh3980 xvmahel x1n0sxbx x1lliihq x1s928wv xhkezso x1gmr53x x1cpjm7i x1fgarty x1943h6x xudqn12 x3x7a5m x6prxxf xvq8zen xo1l8bm xzsf02u x1yc453h\" dir=\"auto\">Un nuevo espacio <\/span><\/span><span style=\"color: #6e62ab;\"><span class=\"x193iq5w xeuugli x13faqbe x1vvkbs xlh3980 xvmahel x1n0sxbx x1lliihq x1s928wv xhkezso x1gmr53x x1cpjm7i x1fgarty x1943h6x xudqn12 x3x7a5m x6prxxf xvq8zen xo1l8bm xzsf02u x1yc453h\" dir=\"auto\">para<\/span><\/span><\/h2>\n<h2 style=\"text-align: center;\"><span style=\"color: #6e62ab;\"><span class=\"x193iq5w xeuugli x13faqbe x1vvkbs xlh3980 xvmahel x1n0sxbx x1lliihq x1s928wv xhkezso x1gmr53x x1cpjm7i x1fgarty x1943h6x xudqn12 x3x7a5m x6prxxf xvq8zen xo1l8bm xzsf02u x1yc453h\" dir=\"auto\">tu mascota a <\/span><\/span><span style=\"color: #6e62ab;\"><strong><span class=\"x193iq5w xeuugli x13faqbe x1vvkbs xlh3980 xvmahel x1n0sxbx x1lliihq x1s928wv xhkezso x1gmr53x x1cpjm7i x1fgarty x1943h6x xudqn12 x3x7a5m x6prxxf xvq8zen xo1l8bm xzsf02u x1yc453h\" dir=\"auto\">precios<\/span><\/strong><\/span><\/h2>\n<h2 style=\"text-align: center;\"><span style=\"color: #6e62ab;\"><strong><span class=\"x193iq5w xeuugli x13faqbe x1vvkbs xlh3980 xvmahel x1n0sxbx x1lliihq x1s928wv xhkezso x1gmr53x x1cpjm7i x1fgarty x1943h6x xudqn12 x3x7a5m x6prxxf xvq8zen xo1l8bm xzsf02u x1yc453h\" dir=\"auto\">solidarios<\/span><\/strong>!<\/span><\/h2>\n\n\t\t<\/div> \n\t<\/div> <div class=\"separator  transparent\" style=\"margin-top: 15px;margin-bottom: 0px;\"><\/div>\n<div      class=\"vc_row wpb_row section vc_row-fluid vc_inner\" style=' text-align:center;'><div class=\"full_section_inner clearfix\"><div class=\"wpb_column vc_column_container vc_col-sm-12\"><div class=\"vc_column-inner\"><div class=\"wpb_wrapper\"><\/div><\/div><\/div><\/div><\/div><div class=\"separator  transparent\" style=\"margin-top: 28px;margin-bottom: 0px;\"><\/div>\n<\/div><\/div><\/div><div class=\"wpb_column vc_column_container vc_col-sm-6\"><div class=\"vc_column-inner\"><div class=\"wpb_wrapper\">\n\t<div class=\"wpb_single_image wpb_content_element vc_align_center  element_from_fade\"><div style=\"-webkit-animation-delay:0.6s; animation-delay:0.6s; -webkit-transition-delay:0.6s; transition-delay:0.6s\">\n\t\t<div class=\"wpb_wrapper\">\n\t\t\t\n\t\t\t<div class=\"vc_single_image-wrapper   vc_box_border_grey\"><img loading=\"lazy\" decoding=\"async\" width=\"533\" height=\"413\" src=\"https:\/\/www.farmasol.gob.ec\/wp-content\/uploads\/2024\/06\/FarmaPET-01-imagenes-web-2024.png\" class=\"vc_single_image-img attachment-full\" alt=\"FarmaPET\" srcset=\"https:\/\/www.farmasol.gob.ec\/wp-content\/uploads\/2024\/06\/FarmaPET-01-imagenes-web-2024.png 533w, https:\/\/www.farmasol.gob.ec\/wp-content\/uploads\/2024\/06\/FarmaPET-01-imagenes-web-2024-300x232.png 300w, https:\/\/www.farmasol.gob.ec\/wp-content\/uploads\/2024\/06\/FarmaPET-01-imagenes-web-2024-15x12.png 15w\" sizes=\"auto, (max-width: 533px) 100vw, 533px\" \/><\/div>\n\t\t<\/div><\/div>\n\t<\/div>\n<\/div><\/div><\/div><\/div><\/div><\/div><div      class=\"vc_row wpb_row section vc_row-fluid  grid_section\" style='background-color:#f8f8f8; padding-top:80px; padding-bottom:80px; text-align:left;'><div class=\"section_inner clearfix\"><div class='section_inner_margin clearfix'><div class=\"wpb_column vc_column_container vc_col-sm-6\"><div class=\"vc_column-inner\"><div class=\"wpb_wrapper\">\n\t<div class=\"wpb_single_image wpb_content_element vc_align_center  element_from_fade\"><div style=\"-webkit-animation-delay:0.3s; animation-delay:0.3s; -webkit-transition-delay:0.3s; transition-delay:0.3s\">\n\t\t<div class=\"wpb_wrapper\">\n\t\t\t\n\t\t\t<div class=\"vc_single_image-wrapper   vc_box_border_grey\"><img loading=\"lazy\" decoding=\"async\" width=\"359\" height=\"290\" src=\"https:\/\/www.farmasol.gob.ec\/wp-content\/uploads\/2024\/06\/FarmaPET-03-imagenes-web-2024.png\" class=\"vc_single_image-img attachment-full\" alt=\"FarmaPET\" srcset=\"https:\/\/www.farmasol.gob.ec\/wp-content\/uploads\/2024\/06\/FarmaPET-03-imagenes-web-2024.png 359w, https:\/\/www.farmasol.gob.ec\/wp-content\/uploads\/2024\/06\/FarmaPET-03-imagenes-web-2024-300x242.png 300w, https:\/\/www.farmasol.gob.ec\/wp-content\/uploads\/2024\/06\/FarmaPET-03-imagenes-web-2024-15x12.png 15w\" sizes=\"auto, (max-width: 359px) 100vw, 359px\" \/><\/div>\n\t\t<\/div><\/div>\n\t<\/div>\n<\/div><\/div><\/div><div class=\"wpb_column vc_column_container vc_col-sm-6\"><div class=\"vc_column-inner\"><div class=\"wpb_wrapper\">\n\t<div class=\"wpb_text_column wpb_content_element\">\n\t\t<div class=\"wpb_wrapper\">\n\t\t\t<h5 style=\"text-align: center;\"><strong><span style=\"color: #6e62ab;\"><span class=\"x193iq5w xeuugli x13faqbe x1vvkbs xlh3980 xvmahel x1n0sxbx x1lliihq x1s928wv xhkezso x1gmr53x x1cpjm7i x1fgarty x1943h6x xudqn12 x3x7a5m x6prxxf xvq8zen xo1l8bm xzsf02u x1yc453h\" dir=\"auto\">\u00bfQu\u00e9 encontraras en Farmapet?<\/span><\/span><\/strong><\/h5>\n\n\t\t<\/div> \n\t<\/div> <div class=\"separator  transparent\" style=\"margin-top: 15px;margin-bottom: 0px;\"><\/div>\n\n\t<div class=\"wpb_text_column wpb_content_element\">\n\t\t<div class=\"wpb_wrapper\">\n\t\t\t<p style=\"text-align: center;\">Medicamentos<\/p>\n<p style=\"text-align: center;\">Vacunas<\/p>\n<p style=\"text-align: center;\">Desparasitantes<\/p>\n<p style=\"text-align: center;\">kits de esterilizaci\u00f3n<\/p>\n<p style=\"text-align: center;\">Alimento<\/p>\n<p style=\"text-align: center;\">Accesorios<\/p>\n<p>&nbsp;<\/p>\n<h6 style=\"text-align: center;\"><span style=\"color: #6e62ab;\">Attention time:<\/span><\/h6>\n<p style=\"text-align: center;\">Lunes a viernes de 08h00 \u2013 16h00<\/p>\n\n\t\t<\/div> \n\t<\/div> <div class=\"separator  transparent\" style=\"margin-top: 15px;margin-bottom: 0px;\"><\/div>\n<div class=\"separator  transparent\" style=\"margin-top: 15px;margin-bottom: 0px;\"><\/div>\n<div      class=\"vc_row wpb_row section vc_row-fluid vc_inner\" style=' text-align:center;'><div class=\"full_section_inner clearfix\"><div class=\"wpb_column vc_column_container vc_col-sm-12\"><div class=\"vc_column-inner\"><div class=\"wpb_wrapper\">\n\t<div class=\"wpb_single_image wpb_content_element vc_align_center\">\n\t\t<div class=\"wpb_wrapper\">\n\t\t\t\n\t\t\t<div class=\"vc_single_image-wrapper   vc_box_border_grey\"><img loading=\"lazy\" decoding=\"async\" class=\"vc_single_image-img\" src=\"https:\/\/www.farmasol.gob.ec\/wp-content\/uploads\/2019\/11\/icono-web-2.png\" width=\"58\" height=\"58\" alt=\"icono-web-2\" title=\"icono-web-2\" \/><\/div>\n\t\t<\/div>\n\t<\/div>\n<\/div><\/div><\/div><\/div><\/div><div class=\"separator  transparent\" style=\"margin-top: 15px;margin-bottom: 0px;\"><\/div>\n<\/div><\/div><\/div><\/div><\/div><\/div><div      class=\"vc_row wpb_row section vc_row-fluid  grid_section\" style='background-color:#ffffff; padding-top:80px; padding-bottom:80px; text-align:left;'><div class=\"section_inner clearfix\"><div class='section_inner_margin clearfix'><div class=\"wpb_column vc_column_container vc_col-sm-6\"><div class=\"vc_column-inner\"><div class=\"wpb_wrapper\">\n\t<div class=\"wpb_single_image wpb_content_element vc_align_center\">\n\t\t<div class=\"wpb_wrapper\">\n\t\t\t\n\t\t\t<div class=\"vc_single_image-wrapper   vc_box_border_grey\"><img loading=\"lazy\" decoding=\"async\" width=\"220\" height=\"74\" src=\"https:\/\/www.farmasol.gob.ec\/wp-content\/uploads\/2024\/06\/famapet-hospital-logo.png\" class=\"vc_single_image-img attachment-full\" alt=\"\" srcset=\"https:\/\/www.farmasol.gob.ec\/wp-content\/uploads\/2024\/06\/famapet-hospital-logo.png 220w, https:\/\/www.farmasol.gob.ec\/wp-content\/uploads\/2024\/06\/famapet-hospital-logo-18x6.png 18w\" sizes=\"auto, (max-width: 220px) 100vw, 220px\" \/><\/div>\n\t\t<\/div>\n\t<\/div>\n<div class=\"separator  transparent\" style=\"margin-top: 15px;margin-bottom: 0px;\"><\/div>\n\n\t<div class=\"wpb_text_column wpb_content_element\">\n\t\t<div class=\"wpb_wrapper\">\n\t\t\t<p style=\"text-align: center;\">Direcci\u00f3n: <strong>Coliseo Jefferson<\/strong><\/p>\n<p style=\"text-align: center;\"><strong>P\u00e9rez<\/strong> (interior del Hospital<\/p>\n<p style=\"text-align: center;\">Municipal de la Mascota).<\/p>\n\n\t\t<\/div> \n\t<\/div> <div class=\"separator  transparent\" style=\"margin-top: 15px;margin-bottom: 0px;\"><\/div>\n<div class=\"separator  transparent\" style=\"margin-top: 15px;margin-bottom: 0px;\"><\/div>\n\n\t<div class=\"wpb_single_image wpb_content_element vc_align_center\">\n\t\t<div class=\"wpb_wrapper\">\n\t\t\t\n\t\t\t<div class=\"vc_single_image-wrapper   vc_box_border_grey\"><img loading=\"lazy\" decoding=\"async\" class=\"vc_single_image-img\" src=\"https:\/\/www.farmasol.gob.ec\/wp-content\/uploads\/2019\/11\/icono-web-2.png\" width=\"58\" height=\"58\" alt=\"icono-web-2\" title=\"icono-web-2\" \/><\/div>\n\t\t<\/div>\n\t<\/div>\n<div class=\"separator  transparent\" style=\"margin-top: 15px;margin-bottom: 0px;\"><\/div>\n<\/div><\/div><\/div><div class=\"wpb_column vc_column_container vc_col-sm-6\"><div class=\"vc_column-inner\"><div class=\"wpb_wrapper\">\n\t<div class=\"wpb_single_image wpb_content_element vc_align_center  element_from_fade\"><div style=\"-webkit-animation-delay:0.6s; animation-delay:0.6s; -webkit-transition-delay:0.6s; transition-delay:0.6s\">\n\t\t<div class=\"wpb_wrapper\">\n\t\t\t\n\t\t\t<div class=\"vc_single_image-wrapper   vc_box_border_grey\"><img loading=\"lazy\" decoding=\"async\" width=\"359\" height=\"290\" src=\"https:\/\/www.farmasol.gob.ec\/wp-content\/uploads\/2024\/06\/FarmaPET-02-imagenes-web-2024.png\" class=\"vc_single_image-img attachment-full\" alt=\"\" srcset=\"https:\/\/www.farmasol.gob.ec\/wp-content\/uploads\/2024\/06\/FarmaPET-02-imagenes-web-2024.png 359w, https:\/\/www.farmasol.gob.ec\/wp-content\/uploads\/2024\/06\/FarmaPET-02-imagenes-web-2024-300x242.png 300w, https:\/\/www.farmasol.gob.ec\/wp-content\/uploads\/2024\/06\/FarmaPET-02-imagenes-web-2024-15x12.png 15w\" sizes=\"auto, (max-width: 359px) 100vw, 359px\" \/><\/div>\n\t\t<\/div><\/div>\n\t<\/div>\n<\/div><\/div><\/div><\/div><\/div><\/div><div      class=\"vc_row wpb_row section vc_row-fluid\" style=' text-align:left;'><div class=\"full_section_inner clearfix\"><div class=\"wpb_column vc_column_container vc_col-sm-12\"><div class=\"vc_column-inner\"><div class=\"wpb_wrapper\"><\/div><\/div><\/div><\/div><\/div>","protected":false},"excerpt":{"rendered":"&nbsp; &nbsp; &nbsp; \u00a1Un nuevo espacio para tu mascota a precios solidarios! \u00bfQu\u00e9 encontraras en Farmapet? Medicamentos Vacunas Desparasitantes kits de esterilizaci\u00f3n Alimento Accesorios &nbsp; Horarios de atenci\u00f3n: Lunes a viernes de 08h00 \u2013 16h00 Direcci\u00f3n: Coliseo Jefferson P\u00e9rez (interior del Hospital Municipal de la...","protected":false},"author":1,"featured_media":0,"parent":0,"menu_order":0,"comment_status":"open","ping_status":"open","template":"full_width.php","meta":{"_joinchat":[],"footnotes":""},"class_list":["post-17883","page","type-page","status-publish","hentry"],"_links":{"self":[{"href":"https:\/\/www.farmasol.gob.ec\/en\/wp-json\/wp\/v2\/pages\/17883","targetHints":{"allow":["GET"]}}],"collection":[{"href":"https:\/\/www.farmasol.gob.ec\/en\/wp-json\/wp\/v2\/pages"}],"about":[{"href":"https:\/\/www.farmasol.gob.ec\/en\/wp-json\/wp\/v2\/types\/page"}],"author":[{"embeddable":true,"href":"https:\/\/www.farmasol.gob.ec\/en\/wp-json\/wp\/v2\/users\/1"}],"replies":[{"embeddable":true,"href":"https:\/\/www.farmasol.gob.ec\/en\/wp-json\/wp\/v2\/comments?post=17883"}],"version-history":[{"count":6,"href":"https:\/\/www.farmasol.gob.ec\/en\/wp-json\/wp\/v2\/pages\/17883\/revisions"}],"predecessor-version":[{"id":17945,"href":"https:\/\/www.farmasol.gob.ec\/en\/wp-json\/wp\/v2\/pages\/17883\/revisions\/17945"}],"wp:attachment":[{"href":"https:\/\/www.farmasol.gob.ec\/en\/wp-json\/wp\/v2\/media?parent=17883"}],"curies":[{"name":"wp","href":"https:\/\/api.w.org\/{rel}","templated":true}]}}