{"id":18258,"date":"2026-03-06T20:30:37","date_gmt":"2026-03-06T19:30:37","guid":{"rendered":"http:\/\/www.farmasol.gob.ec\/?page_id=18258"},"modified":"2026-03-06T20:30:37","modified_gmt":"2026-03-06T19:30:37","slug":"informe-anual","status":"publish","type":"page","link":"https:\/\/www.farmasol.gob.ec\/en\/informe-anual\/","title":{"rendered":"Informe anual"},"content":{"rendered":"<div      class=\"vc_row wpb_row section vc_row-fluid  grid_section\" style='background-color:#ffffff; padding-top:80px; padding-bottom:95px; text-align:left;'><div class=\"section_inner clearfix\"><div class='section_inner_margin clearfix'><div class=\"wpb_column vc_column_container vc_col-sm-12\"><div class=\"vc_column-inner\"><div class=\"wpb_wrapper\">\n\t<div class=\"wpb_single_image wpb_content_element vc_align_center\">\n\t\t<div class=\"wpb_wrapper\">\n\t\t\t\n\t\t\t<div class=\"vc_single_image-wrapper   vc_box_border_grey\"><img loading=\"lazy\" decoding=\"async\" width=\"700\" height=\"343\" src=\"https:\/\/www.farmasol.gob.ec\/wp-content\/uploads\/2024\/04\/head-rdc-2023.png\" class=\"vc_single_image-img attachment-full\" alt=\"\" srcset=\"https:\/\/www.farmasol.gob.ec\/wp-content\/uploads\/2024\/04\/head-rdc-2023.png 700w, https:\/\/www.farmasol.gob.ec\/wp-content\/uploads\/2024\/04\/head-rdc-2023-300x147.png 300w, https:\/\/www.farmasol.gob.ec\/wp-content\/uploads\/2024\/04\/head-rdc-2023-18x9.png 18w\" sizes=\"auto, (max-width: 700px) 100vw, 700px\" \/><\/div>\n\t\t<\/div>\n\t<\/div>\n<div class=\"separator  transparent\" style=\"margin-top: 24px;margin-bottom: 61px;\"><\/div>\n\n\t<div class=\"wpb_text_column wpb_content_element\">\n\t\t<div class=\"wpb_wrapper\">\n\t\t\t<p><strong>Art. 7. Difusi\u00f3n de Informaci\u00f3n P\u00fablica<\/strong><\/p>\n<p>Por la transparencia en la gesti\u00f3n administrativa que est\u00e1n obligadas a observar todas las Instituciones del estado que conforman el sector p\u00fablico en los t\u00e9rminos del art\u00edculo 118 de la Constituci\u00f3n Pol\u00edtica de la Rep\u00fablica y dem\u00e1s entes se\u00f1alados en el art\u00edculo 1 de la presente Ley, difundir\u00e1n a trav\u00e9s de un portal de informaci\u00f3n o p\u00e1gina web, as\u00ed como de los medios necesarios a disposici\u00f3n del p\u00fablico implementados en la misma instituci\u00f3n, la siguiente informaci\u00f3n m\u00ednima actualizada, que para efectos de esta Ley, se le considera de naturaleza obligatoria:<\/p>\n\n\t\t<\/div> \n\t<\/div> <div class=\"separator  transparent\" style=\"margin-top: 24px;margin-bottom: 61px;\"><\/div>\n\n\t<div class=\"wpb_text_column wpb_content_element\">\n\t\t<div class=\"wpb_wrapper\">\n\t\t\t<p><strong>FICHA CONSULTA CIUDADANA<\/strong><\/p>\n<p><a href=\"https:\/\/cuencaparticipa.cuenca.gob.ec\/processes\/Capacitacion\/f\/40\/surveys\/8\">https:\/\/cuencaparticipa.cuenca.gob.ec\/processes\/Capacitacion\/f\/40\/surveys\/8<\/a><\/p>\n<p>Estimado ciudadano y ciudadana del cant\u00f3n Cuenca esta ficha ha sido elaborada para conocer los temas que usted quiere consultar y ser informados de parte de la autoridad del GAD Municipal as\u00ed como de las empresas p\u00fablicas, direcciones y entidades adscritas de la Corporaci\u00f3n Municipal.<\/p>\n\n\t\t<\/div> \n\t<\/div> <div class=\"separator  transparent\" style=\"margin-top: 24px;margin-bottom: 61px;\"><\/div>\n<\/div><\/div><\/div><\/div><\/div><\/div>","protected":false},"excerpt":{"rendered":"Art. 7. Difusi\u00f3n de Informaci\u00f3n P\u00fablica Por la transparencia en la gesti\u00f3n administrativa que est\u00e1n obligadas a observar todas las Instituciones del estado que conforman el sector p\u00fablico en los t\u00e9rminos del art\u00edculo 118 de la Constituci\u00f3n Pol\u00edtica de la Rep\u00fablica y dem\u00e1s entes se\u00f1alados...","protected":false},"author":4,"featured_media":0,"parent":0,"menu_order":0,"comment_status":"open","ping_status":"open","template":"full_width.php","meta":{"_joinchat":[],"footnotes":""},"class_list":["post-18258","page","type-page","status-publish","hentry"],"_links":{"self":[{"href":"https:\/\/www.farmasol.gob.ec\/en\/wp-json\/wp\/v2\/pages\/18258","targetHints":{"allow":["GET"]}}],"collection":[{"href":"https:\/\/www.farmasol.gob.ec\/en\/wp-json\/wp\/v2\/pages"}],"about":[{"href":"https:\/\/www.farmasol.gob.ec\/en\/wp-json\/wp\/v2\/types\/page"}],"author":[{"embeddable":true,"href":"https:\/\/www.farmasol.gob.ec\/en\/wp-json\/wp\/v2\/users\/4"}],"replies":[{"embeddable":true,"href":"https:\/\/www.farmasol.gob.ec\/en\/wp-json\/wp\/v2\/comments?post=18258"}],"version-history":[{"count":1,"href":"https:\/\/www.farmasol.gob.ec\/en\/wp-json\/wp\/v2\/pages\/18258\/revisions"}],"predecessor-version":[{"id":18259,"href":"https:\/\/www.farmasol.gob.ec\/en\/wp-json\/wp\/v2\/pages\/18258\/revisions\/18259"}],"wp:attachment":[{"href":"https:\/\/www.farmasol.gob.ec\/en\/wp-json\/wp\/v2\/media?parent=18258"}],"curies":[{"name":"wp","href":"https:\/\/api.w.org\/{rel}","templated":true}]}}